{"id":35,"date":"2025-02-21T15:49:10","date_gmt":"2025-02-21T14:49:10","guid":{"rendered":"https:\/\/3de-systems.com\/?page_id=35"},"modified":"2025-04-23T13:00:37","modified_gmt":"2025-04-23T11:00:37","slug":"hoe-werkt-het","status":"publish","type":"page","link":"https:\/\/3de-systems.com\/en\/hoe-werkt-het\/","title":{"rendered":"Hoe Werkt Het?"},"content":{"rendered":"<div data-elementor-type=\"wp-page\" data-elementor-id=\"35\" class=\"elementor elementor-35\" data-elementor-post-type=\"page\">\n\t\t\t\t<div class=\"elementor-element elementor-element-bd0601c e-flex e-con-boxed e-con e-parent\" data-id=\"bd0601c\" data-element_type=\"container\">\n\t\t\t\t\t<div class=\"e-con-inner\">\n\t\t\t\t<div class=\"elementor-element elementor-element-1f945ff elementor-widget elementor-widget-text-editor\" data-id=\"1f945ff\" data-element_type=\"widget\" data-widget_type=\"text-editor.default\">\n\t\t\t\t<div class=\"elementor-widget-container\">\n\t\t\t\t\t\t\t\t\t<h2><strong>Precisielandbouw met Drones: Effici\u00ebnt en Duurzaam Oogsten<\/strong><\/h2><p>Met de nieuwste technologie\u00ebn in de landbouw, zoals drones en slimme kaartprogramma&#8217;s, kun je als boer effici\u00ebnter en duurzamer werken. 3De Agriculture biedt een totaaloplossing voor precisielandbouw door gebruik te maken van <strong>DJI Mavic 3 Multispectral drones<\/strong> en het <strong>PIX4D online platform<\/strong> voor het cre\u00ebren van gerichte bespuitingskaarten.<\/p><h3>Wat kan 3De voor jou betekenen?<\/h3><p>Met <strong>prescription maps<\/strong> kun je precies zien waar je middelen zoals meststoffen, herbiciden of pesticiden nodig hebt, en deze alleen op die specifieke plekken aanbrengen. Dit bespaart niet alleen kosten, maar vermindert ook de ecologische impact van je landbouwactiviteiten. Je kunt de kaarten direct gebruiken op je spuitdrones, tractoren of veldspuiten.<\/p><h3>Spot Spraying: Slimme Bespuiting op Basis van Data<\/h3><p>Onze <strong>multispectrale drones<\/strong> geven je gedetailleerd inzicht in de gezondheid en groei van je gewassen door beelden vast te leggen in verschillende spectrale banden zoals rood, groen en nabij-infrarood. Deze beelden helpen je te begrijpen waar je gewassen extra aandacht nodig hebben, zodat je alleen daar bespuit waar het echt nodig is. Dit zorgt voor betere opbrengsten en een optimaal gebruik van je middelen.<\/p><h3>Effici\u00ebntie en Duurzaamheid Hand in Hand<\/h3><p>De <strong>DJI AGRAS T50 spraydrones<\/strong> kunnen de bespuitingen direct uitvoeren op basis van de gegevens die je hebt ontvangen van de drone. Zo kun je eenvoudig en snel je land monitoren en de juiste beslissingen nemen over bemesting, irrigatie en plaagbestrijding. Je werkt met de modernste technologie, wat niet alleen tijd en middelen bespaart, maar ook bijdraagt aan een duurzamer landbouwproces.<\/p><h3>Informatie die je verder helpt<\/h3><p>Met <strong>PIX4Dfields<\/strong> kunnen we gedetailleerde kaarten maken die je helpen bij het in kaart brengen van je landgebruik, gewasgroei en andere belangrijke gegevens. Deze technologie is compatibel met een breed scala aan drones en machines, zoals de <strong>John Deere<\/strong> en <strong>XAG spraydrones<\/strong>. Zo kun je nauwkeurige en actuele informatie verkrijgen over je land en gewassen.<\/p><hr \/><p><strong>Waarom kiezen voor 3De?<\/strong><\/p><ul><li><p><strong>Betere oogsten<\/strong> door gerichte bespuitingen.<\/p><\/li><li><p><strong>Minder verspilling<\/strong> van middelen zoals pesticiden en meststoffen.<\/p><\/li><li><p><strong>Tijdbesparing<\/strong> door effici\u00ebnte technologie\u00ebn die makkelijk te integreren zijn in je bestaande werkwijze.<\/p><\/li><li><p><strong>Duurzaam boeren<\/strong> met data-gedreven besluitvorming.<\/p><\/li><\/ul><p>3De maakt precisielandbouw toegankelijker voor elke boer. Laat ons je helpen om je bedrijf effici\u00ebnter en duurzamer te maken met de kracht van drones.<\/p>\t\t\t\t\t\t\t\t<\/div>\n\t\t\t\t<\/div>\n\t\t\t\t\t<\/div>\n\t\t\t\t<\/div>\n\t\t\t\t<\/div>","protected":false},"excerpt":{"rendered":"<p>Precisielandbouw met Drones: Effici\u00ebnt en Duurzaam Oogsten Met de nieuwste technologie\u00ebn in de landbouw, zoals drones en slimme kaartprogramma&#8217;s, kun je als boer effici\u00ebnter en duurzamer werken. 3De Agriculture biedt een totaaloplossing voor precisielandbouw door gebruik te maken van DJI Mavic 3 Multispectral drones en het PIX4D online platform voor het cre\u00ebren van gerichte bespuitingskaarten. [&hellip;]<\/p>","protected":false},"author":1,"featured_media":0,"parent":0,"menu_order":0,"comment_status":"closed","ping_status":"closed","template":"","meta":{"footnotes":""},"class_list":["post-35","page","type-page","status-publish","hentry"],"_links":{"self":[{"href":"https:\/\/3de-systems.com\/en\/wp-json\/wp\/v2\/pages\/35","targetHints":{"allow":["GET"]}}],"collection":[{"href":"https:\/\/3de-systems.com\/en\/wp-json\/wp\/v2\/pages"}],"about":[{"href":"https:\/\/3de-systems.com\/en\/wp-json\/wp\/v2\/types\/page"}],"author":[{"embeddable":true,"href":"https:\/\/3de-systems.com\/en\/wp-json\/wp\/v2\/users\/1"}],"replies":[{"embeddable":true,"href":"https:\/\/3de-systems.com\/en\/wp-json\/wp\/v2\/comments?post=35"}],"version-history":[{"count":28,"href":"https:\/\/3de-systems.com\/en\/wp-json\/wp\/v2\/pages\/35\/revisions"}],"predecessor-version":[{"id":449,"href":"https:\/\/3de-systems.com\/en\/wp-json\/wp\/v2\/pages\/35\/revisions\/449"}],"wp:attachment":[{"href":"https:\/\/3de-systems.com\/en\/wp-json\/wp\/v2\/media?parent=35"}],"curies":[{"name":"wp","href":"https:\/\/api.w.org\/{rel}","templated":true}]}}